{"id":46550,"date":"2019-09-24T14:37:37","date_gmt":"2019-09-24T18:37:37","guid":{"rendered":"https:\/\/www.simonssearchlight.org\/46550-2\/"},"modified":"2019-09-24T14:37:37","modified_gmt":"2019-09-24T18:37:37","slug":"46550-2","status":"publish","type":"page","link":"https:\/\/www.simonssearchlight.org\/de\/forschungsprozess\/genetische-stoerungen-die-wir-untersuchen\/dst\/46550-2\/","title":{"rendered":""},"content":{"rendered":"<h1 style=\"text-align: left;\"><strong>Ein \u00dcberma\u00df an seltenen neuen Verlustvarianten in synaptischen Genen bei Schizophrenie und Autismus-Spektrum-St\u00f6rungen<\/strong><\/h1>\n<p>Original-Forschungsartikel von E.M. Kenny <em>et al.<\/em> (2014).<\/p>\n<p>Lesen Sie den Artikel <a href=\"https:\/\/www.nature.com\/articles\/mp2013127\">hier<\/a>.<\/p>\n<p>\u00dcber 400 Menschen mit Schizophrenie und Autismus-Spektrum-St\u00f6rung wurden auf Ver\u00e4nderungen in 215 m\u00f6glichen Risikogenen getestet. Genver\u00e4nderungen in der DST wurden bei vier Menschen mit Autismus und f\u00fcnf Menschen mit Schizophrenie, aber auch bei drei Menschen ohne soziale oder psychische Unterschiede festgestellt. Die Autoren dieser Studie stellen fest, dass es in der Literatur keine Belege f\u00fcr seltene Ver\u00e4nderungen bei der DST bei Menschen mit Schizophrenie oder Autismus gibt.<\/p>\n","protected":false},"excerpt":{"rendered":"<p>Ein \u00dcberma\u00df an seltenen neuen Verlustvarianten in synaptischen Genen bei Schizophrenie und Autismus-Spektrum-St\u00f6rungen Original-Forschungsartikel von E.M. Kenny et al. (2014). Lesen Sie den Artikel hier. \u00dcber 400 Menschen mit Schizophrenie und Autismus-Spektrum-St\u00f6rung wurden auf Ver\u00e4nderungen in 215 m\u00f6glichen Risikogenen getestet. Genver\u00e4nderungen in der DST wurden bei vier Menschen mit Autismus und f\u00fcnf Menschen mit Schizophrenie, [&hellip;]<\/p>\n","protected":false},"author":13,"featured_media":0,"parent":77003,"menu_order":0,"comment_status":"closed","ping_status":"closed","template":"","meta":{"_acf_changed":false,"_relevanssi_hide_post":"","_relevanssi_hide_content":"","_relevanssi_pin_for_all":"","_relevanssi_pin_keywords":"","_relevanssi_unpin_keywords":"","_relevanssi_related_keywords":"","_relevanssi_related_include_ids":"","_relevanssi_related_exclude_ids":"","_relevanssi_related_no_append":"","_relevanssi_related_not_related":"","_relevanssi_related_posts":"","_relevanssi_noindex_reason":"","footnotes":""},"acf":[],"_links":{"self":[{"href":"https:\/\/www.simonssearchlight.org\/de\/wp-json\/wp\/v2\/pages\/46550"}],"collection":[{"href":"https:\/\/www.simonssearchlight.org\/de\/wp-json\/wp\/v2\/pages"}],"about":[{"href":"https:\/\/www.simonssearchlight.org\/de\/wp-json\/wp\/v2\/types\/page"}],"author":[{"embeddable":true,"href":"https:\/\/www.simonssearchlight.org\/de\/wp-json\/wp\/v2\/users\/13"}],"replies":[{"embeddable":true,"href":"https:\/\/www.simonssearchlight.org\/de\/wp-json\/wp\/v2\/comments?post=46550"}],"version-history":[{"count":0,"href":"https:\/\/www.simonssearchlight.org\/de\/wp-json\/wp\/v2\/pages\/46550\/revisions"}],"up":[{"embeddable":true,"href":"https:\/\/www.simonssearchlight.org\/de\/wp-json\/wp\/v2\/pages\/77003"}],"wp:attachment":[{"href":"https:\/\/www.simonssearchlight.org\/de\/wp-json\/wp\/v2\/media?parent=46550"}],"curies":[{"name":"wp","href":"https:\/\/api.w.org\/{rel}","templated":true}]}}