{"id":46395,"date":"2019-06-19T13:38:17","date_gmt":"2019-06-19T17:38:17","guid":{"rendered":"https:\/\/www.simonssearchlight.org\/anonyme-geschichte-6\/"},"modified":"2019-06-19T13:38:17","modified_gmt":"2019-06-19T17:38:17","slug":"anonyme-geschichte-6","status":"publish","type":"page","link":"https:\/\/www.simonssearchlight.org\/de\/teilen-sie-ihre-geschichte-anonyme-geschichten\/anonyme-geschichte-6\/","title":{"rendered":"Anonyme Geschichte #6"},"content":{"rendered":"<h3 style=\"text-align: center;\">von: Denise, Eltern von 13- und 18-J\u00e4hrigen mit einer genetischen Ver\u00e4nderung<\/h3>\n<h3>Wie ist das Verh\u00e4ltnis Ihres Kindes zu seinen Geschwistern?<\/h3>\n<p>Liebevoll, lustig, albern, manchmal auch gemein.<\/p>\n<h3>Was macht Ihre Familie zum Spa\u00df?<\/h3>\n<p>Filme und Spiele.<\/p>\n<h3>Was an Ihrem Kind zaubert ein L\u00e4cheln auf Ihr Gesicht?<\/h3>\n<p>Umarmungen.<\/p>\n<h3>Was motiviert Sie zur Teilnahme an der Forschung?<\/h3>\n<p>Weitere Antworten.<\/p>\n<h3>Welchen Einfluss haben Sie Ihrer Meinung nach auf unser Verst\u00e4ndnis der genetischen Ver\u00e4nderungen, die bei <span class=\"notranslate\">Simons Searchlight<\/span> untersucht werden (16p11.2, 1q21.1, oder einzelne Genver\u00e4nderungen)?<\/h3>\n<p>Ich m\u00f6chte anderen anfallskranken Kindern helfen.<\/p>\n<h3>Was haben Sie von anderen Familien \u00fcber die Krankheit Ihres Kindes erfahren?<\/h3>\n<p>Bis jetzt nicht viel.<\/p>\n<h3>Wenn Sie jemandem, bei dem vor kurzem eine genetische Ver\u00e4nderung in Ihrer Familie diagnostiziert wurde, einen Rat geben k\u00f6nnten, wie w\u00fcrde dieser lauten?<\/h3>\n<p>&#8220;Aerodynamisch gesehen sollte die Hummel nicht fliegen k\u00f6nnen, aber die Hummel wei\u00df das nicht, also fliegt sie trotzdem weiter.&#8221; ~Mary Kay Ash<\/p>\n<h3>Welche Frage w\u00fcrden Sie sich w\u00fcnschen, dass die Forscher eine Antwort auf die genetische Ver\u00e4nderung Ihres Kindes geben k\u00f6nnten?<\/h3>\n<p>Krampfanf\u00e4lle, mehr \u00fcber die refrakt\u00e4ren Anf\u00e4lle.<\/p>\n<p>&nbsp;<\/p>\n","protected":false},"excerpt":{"rendered":"<p>von: Denise, Eltern von 13- und 18-J\u00e4hrigen mit einer genetischen Ver\u00e4nderung Wie ist das Verh\u00e4ltnis Ihres Kindes zu seinen Geschwistern? Liebevoll, lustig, albern, manchmal auch gemein. Was macht Ihre Familie zum Spa\u00df? Filme und Spiele. Was an Ihrem Kind zaubert ein L\u00e4cheln auf Ihr Gesicht? Umarmungen. Was motiviert Sie zur Teilnahme an der Forschung? Weitere [&hellip;]<\/p>\n","protected":false},"author":13,"featured_media":0,"parent":46512,"menu_order":0,"comment_status":"closed","ping_status":"closed","template":"","meta":{"_acf_changed":false,"_relevanssi_hide_post":"","_relevanssi_hide_content":"","_relevanssi_pin_for_all":"","_relevanssi_pin_keywords":"","_relevanssi_unpin_keywords":"","_relevanssi_related_keywords":"","_relevanssi_related_include_ids":"","_relevanssi_related_exclude_ids":"","_relevanssi_related_no_append":"","_relevanssi_related_not_related":"","_relevanssi_related_posts":"","_relevanssi_noindex_reason":"","footnotes":""},"acf":[],"_links":{"self":[{"href":"https:\/\/www.simonssearchlight.org\/de\/wp-json\/wp\/v2\/pages\/46395"}],"collection":[{"href":"https:\/\/www.simonssearchlight.org\/de\/wp-json\/wp\/v2\/pages"}],"about":[{"href":"https:\/\/www.simonssearchlight.org\/de\/wp-json\/wp\/v2\/types\/page"}],"author":[{"embeddable":true,"href":"https:\/\/www.simonssearchlight.org\/de\/wp-json\/wp\/v2\/users\/13"}],"replies":[{"embeddable":true,"href":"https:\/\/www.simonssearchlight.org\/de\/wp-json\/wp\/v2\/comments?post=46395"}],"version-history":[{"count":0,"href":"https:\/\/www.simonssearchlight.org\/de\/wp-json\/wp\/v2\/pages\/46395\/revisions"}],"up":[{"embeddable":true,"href":"https:\/\/www.simonssearchlight.org\/de\/wp-json\/wp\/v2\/pages\/46512"}],"wp:attachment":[{"href":"https:\/\/www.simonssearchlight.org\/de\/wp-json\/wp\/v2\/media?parent=46395"}],"curies":[{"name":"wp","href":"https:\/\/api.w.org\/{rel}","templated":true}]}}