{"id":46375,"date":"2019-06-05T11:22:00","date_gmt":"2019-06-05T15:22:00","guid":{"rendered":"https:\/\/www.simonssearchlight.org\/anonyme-geschichte-5\/"},"modified":"2019-06-05T11:22:00","modified_gmt":"2019-06-05T15:22:00","slug":"anonyme-geschichte-5","status":"publish","type":"page","link":"https:\/\/www.simonssearchlight.org\/de\/teilen-sie-ihre-geschichte-anonyme-geschichten\/anonyme-geschichte-5\/","title":{"rendered":"Anonyme Geschichte #5"},"content":{"rendered":"<h3 style=\"text-align: center;\">von: Tracey, Eltern von 2 Kindern mit einer seltenen genetischen Ver\u00e4nderung<\/h3>\n<p style=\"padding-left: 30px;\"><em>&#8220;Lebe dein Leben, als ob es diese L\u00f6schung nicht g\u00e4be! Ja, lass alles \u00fcberpr\u00fcfen, aber lass nicht zu, dass es dich auffrisst, wer du wirklich bist!&#8221;<\/em><\/p>\n<h3>Wie ist das Verh\u00e4ltnis Ihres Kindes zu seinen Geschwistern?<\/h3>\n<p>Gut<\/p>\n<h3>Was macht Ihre Familie zum Spa\u00df?<\/h3>\n<p>Zeit miteinander verbringen<\/p>\n<h3>Erz\u00e4hlen Sie uns von der gr\u00f6\u00dften Notlage, mit der Ihre Familie konfrontiert ist.<\/h3>\n<p>Verhaltensprobleme bei unseren beiden Kindern mit der Deletion.<\/p>\n<h3>Was an Ihrem Kind zaubert ein L\u00e4cheln auf Ihr Gesicht?<\/h3>\n<p>Die lustigsten Witze und Albernheiten!<\/p>\n<h3>Was motiviert Sie zur Teilnahme an der Forschung?<\/h3>\n<p>Um mehr dar\u00fcber zu erfahren und anderen zu helfen.<\/p>\n<h3>Was haben Sie von anderen Familien \u00fcber die Krankheit Ihres Kindes erfahren?<\/h3>\n<p>Sehr wenig<\/p>\n<h3>Wenn Sie jemandem, bei dem vor kurzem eine genetische Ver\u00e4nderung in Ihrer Familie diagnostiziert wurde, einen Rat geben k\u00f6nnten, wie w\u00fcrde dieser lauten?<\/h3>\n<p>Leben Sie Ihr Leben, als g\u00e4be es dieses L\u00f6schen nicht! Ja, lassen Sie alles \u00fcberpr\u00fcfen, aber lassen Sie nicht zu, dass es Sie auffrisst, wer Sie wirklich sind!<\/p>\n<h3>Welche Frage w\u00fcrden Sie sich w\u00fcnschen, dass die Forscher eine Antwort auf die genetische Ver\u00e4nderung Ihres Kindes geben k\u00f6nnten?<\/h3>\n<p>Welche ALLE sind davon betroffen?<\/p>\n","protected":false},"excerpt":{"rendered":"<p>von: Tracey, Eltern von 2 Kindern mit einer seltenen genetischen Ver\u00e4nderung &#8220;Lebe dein Leben, als ob es diese L\u00f6schung nicht g\u00e4be! Ja, lass alles \u00fcberpr\u00fcfen, aber lass nicht zu, dass es dich auffrisst, wer du wirklich bist!&#8221; Wie ist das Verh\u00e4ltnis Ihres Kindes zu seinen Geschwistern? Gut Was macht Ihre Familie zum Spa\u00df? Zeit miteinander [&hellip;]<\/p>\n","protected":false},"author":25,"featured_media":0,"parent":46512,"menu_order":0,"comment_status":"closed","ping_status":"closed","template":"","meta":{"_acf_changed":false,"_relevanssi_hide_post":"","_relevanssi_hide_content":"","_relevanssi_pin_for_all":"","_relevanssi_pin_keywords":"","_relevanssi_unpin_keywords":"","_relevanssi_related_keywords":"","_relevanssi_related_include_ids":"","_relevanssi_related_exclude_ids":"","_relevanssi_related_no_append":"","_relevanssi_related_not_related":"","_relevanssi_related_posts":"","_relevanssi_noindex_reason":"","footnotes":""},"acf":[],"_links":{"self":[{"href":"https:\/\/www.simonssearchlight.org\/de\/wp-json\/wp\/v2\/pages\/46375"}],"collection":[{"href":"https:\/\/www.simonssearchlight.org\/de\/wp-json\/wp\/v2\/pages"}],"about":[{"href":"https:\/\/www.simonssearchlight.org\/de\/wp-json\/wp\/v2\/types\/page"}],"author":[{"embeddable":true,"href":"https:\/\/www.simonssearchlight.org\/de\/wp-json\/wp\/v2\/users\/25"}],"replies":[{"embeddable":true,"href":"https:\/\/www.simonssearchlight.org\/de\/wp-json\/wp\/v2\/comments?post=46375"}],"version-history":[{"count":0,"href":"https:\/\/www.simonssearchlight.org\/de\/wp-json\/wp\/v2\/pages\/46375\/revisions"}],"up":[{"embeddable":true,"href":"https:\/\/www.simonssearchlight.org\/de\/wp-json\/wp\/v2\/pages\/46512"}],"wp:attachment":[{"href":"https:\/\/www.simonssearchlight.org\/de\/wp-json\/wp\/v2\/media?parent=46375"}],"curies":[{"name":"wp","href":"https:\/\/api.w.org\/{rel}","templated":true}]}}