{"id":46288,"date":"2018-05-04T16:43:14","date_gmt":"2018-05-04T20:43:14","guid":{"rendered":"https:\/\/www.simonssearchlight.org\/forschungsprozess\/genetische-stoerungen-die-wir-untersuchen\/setbp1\/"},"modified":"2026-04-06T16:34:49","modified_gmt":"2026-04-06T20:34:49","slug":"setbp1","status":"publish","type":"page","link":"https:\/\/www.simonssearchlight.org\/de\/forschungsprozess\/genetische-stoerungen-die-wir-untersuchen\/setbp1\/","title":{"rendered":"SETBP1"},"content":{"rendered":"<p><span style=\"font-weight: 400;\">Die Informationen f\u00fcr diese Zusammenfassung von <\/span><strong><span class=\"notranslate\">SETBP1<\/span> Haploinsuffizienz St\u00f6rung<\/strong><span style=\"font-weight: 400;\">  stammt aus Forschungsver\u00f6ffentlichungen. Dies ist nicht als Ersatz f\u00fcr eine \u00e4rztliche Beratung gedacht. <\/span><\/p>\n<p><a href=\"https:\/\/www.simonssearchlight.org\/es\/gene-guide\/trastorno-por-haploinsuficiencia-de-setbp1\/\" target=\"_blank\" rel=\"noopener\"><strong>Klicken Sie hier f\u00fcr unseren vollst\u00e4ndigen SETBP1 Haploinsufficiency Disorder Gene Guide<\/strong><\/a><\/p>\n<p>Der Online-Genf\u00fchrer enth\u00e4lt weitere Informationen \u00fcber die <span class=\"notranslate\">SETBP1<\/span>-Haploinsuffizienz-St\u00f6rung, wie z. B. die Wahrscheinlichkeit, ein weiteres Kind mit dieser Krankheit zu bekommen, Verhaltens- und Entwicklungsprobleme im Zusammenhang mit der <span class=\"notranslate\">SETBP1<\/span>-Haploinsuffizienz-St\u00f6rung oder Spezialisten, die f\u00fcr Menschen mit dieser Krankheit in Frage kommen. Teilen Sie diese Ressource mit Familienmitgliedern oder Ihren medizinischen Betreuern.<\/p>\n<p>&nbsp;<\/p>\n","protected":false},"excerpt":{"rendered":"<p>Die Informationen f\u00fcr diese Zusammenfassung von SETBP1 Haploinsuffizienz St\u00f6rung stammt aus Forschungsver\u00f6ffentlichungen. Dies ist nicht als Ersatz f\u00fcr eine \u00e4rztliche Beratung gedacht. Klicken Sie hier f\u00fcr unseren vollst\u00e4ndigen SETBP1 Haploinsufficiency Disorder Gene Guide Der Online-Genf\u00fchrer enth\u00e4lt weitere Informationen \u00fcber die SETBP1-Haploinsuffizienz-St\u00f6rung, wie z. B. die Wahrscheinlichkeit, ein weiteres Kind mit dieser Krankheit zu bekommen, Verhaltens- [&hellip;]<\/p>\n","protected":false},"author":18,"featured_media":0,"parent":46129,"menu_order":0,"comment_status":"closed","ping_status":"closed","template":"page-gene-card.php","meta":{"_acf_changed":false,"_relevanssi_hide_post":"","_relevanssi_hide_content":"","_relevanssi_pin_for_all":"","_relevanssi_pin_keywords":"","_relevanssi_unpin_keywords":"","_relevanssi_related_keywords":"","_relevanssi_related_include_ids":"","_relevanssi_related_exclude_ids":"","_relevanssi_related_no_append":"","_relevanssi_related_not_related":"","_relevanssi_related_posts":"","_relevanssi_noindex_reason":"","footnotes":""},"acf":[],"_links":{"self":[{"href":"https:\/\/www.simonssearchlight.org\/de\/wp-json\/wp\/v2\/pages\/46288"}],"collection":[{"href":"https:\/\/www.simonssearchlight.org\/de\/wp-json\/wp\/v2\/pages"}],"about":[{"href":"https:\/\/www.simonssearchlight.org\/de\/wp-json\/wp\/v2\/types\/page"}],"author":[{"embeddable":true,"href":"https:\/\/www.simonssearchlight.org\/de\/wp-json\/wp\/v2\/users\/18"}],"replies":[{"embeddable":true,"href":"https:\/\/www.simonssearchlight.org\/de\/wp-json\/wp\/v2\/comments?post=46288"}],"version-history":[{"count":3,"href":"https:\/\/www.simonssearchlight.org\/de\/wp-json\/wp\/v2\/pages\/46288\/revisions"}],"predecessor-version":[{"id":64892,"href":"https:\/\/www.simonssearchlight.org\/de\/wp-json\/wp\/v2\/pages\/46288\/revisions\/64892"}],"up":[{"embeddable":true,"href":"https:\/\/www.simonssearchlight.org\/de\/wp-json\/wp\/v2\/pages\/46129"}],"wp:attachment":[{"href":"https:\/\/www.simonssearchlight.org\/de\/wp-json\/wp\/v2\/media?parent=46288"}],"curies":[{"name":"wp","href":"https:\/\/api.w.org\/{rel}","templated":true}]}}