{"id":46270,"date":"2019-05-14T13:17:05","date_gmt":"2019-05-14T17:17:05","guid":{"rendered":"https:\/\/www.simonssearchlight.org\/bedingungen-und-konditionen\/"},"modified":"2019-05-14T13:17:05","modified_gmt":"2019-05-14T17:17:05","slug":"bedingungen-und-konditionen","status":"publish","type":"page","link":"https:\/\/www.simonssearchlight.org\/de\/bedingungen-und-konditionen\/","title":{"rendered":"Bedingungen und Konditionen"},"content":{"rendered":"<p><strong><span class=\"notranslate\">Simons Searchlight<\/span> Nutzungsbedingungen<\/strong><\/p>\n<p>Durch die Nutzung des <span class=\"notranslate\">Simons Searchlight<\/span> Webportals erkl\u00e4ren Sie, dass Sie diese Nutzungsbedingungen gelesen und verstanden haben und mit ihnen einverstanden sind. Wir behalten uns das Recht vor, diese Bedingungen jederzeit nach unserem alleinigen Ermessen und ohne vorherige Ank\u00fcndigung zu \u00e4ndern. Alle \u00c4nderungen an diesen Nutzungsbedingungen werden auf dem Webportal ver\u00f6ffentlicht. Wir empfehlen Ihnen, die Nutzungsbedingungen des Webportals in regelm\u00e4\u00dfigen Abst\u00e4nden auf Aktualisierungen und \u00c4nderungen zu \u00fcberpr\u00fcfen. Mit der weiteren Nutzung unseres Webportals erkl\u00e4ren Sie sich mit diesen \u00c4nderungen einverstanden. Wenn Sie mit diesen Nutzungsbedingungen nicht einverstanden sind, stellen Sie uns bitte keine pers\u00f6nlichen Daten zur Verf\u00fcgung und verzichten Sie auf die Nutzung unseres Portals.<\/p>\n<p><strong>Nutzung der Website und Beschreibung der Dienstleistung<\/strong><\/p>\n<p><span class=\"notranslate\">Simons Searchlight<\/span> ist eine Online-Community, die Familien mit seltenen genetischen Ver\u00e4nderungen (auch &#8220;genomische Varianten&#8221; genannt) unterst\u00fctzt, die mit Merkmalen von Autismus und Entwicklungsverz\u00f6gerung in Verbindung stehen. Wir bieten Zugang zu Ressourcen, Informationen und Unterst\u00fctzung f\u00fcr Familien. Das <span class=\"notranslate\">Simons Searchlight<\/span>-Webportal soll es Einzelpersonen, Familien und Anbietern von Medizin und Forschung erm\u00f6glichen, bestimmte Informationen in die Registerdatenbank der Website einzutragen. Die Informationen, die der Registrant bei der Registrierung angibt, werden in einer gesicherten Datenbank gespeichert und niemals ohne die ausdr\u00fcckliche Zustimmung des Registranten weitergegeben.<\/p>\n<p>Das <span class=\"notranslate\">Simons Searchlight<\/span> Webportal wird eine Reihe von Merkmalen und Funktionen enthalten, wie zum Beispiel<\/p>\n<ul>\n<li>die M\u00f6glichkeit, nach originalen und reproduzierten Nachrichtenartikeln und Meinungsbeitr\u00e4gen zu suchen und diese zu lesen,<\/li>\n<li>die M\u00f6glichkeit, Informationsvideos anzusehen;<\/li>\n<li>die M\u00f6glichkeit zur Teilnahme an Webinaren;<\/li>\n<li>die M\u00f6glichkeit, nach Forschungsarbeiten zum Thema Mensch zu suchen, dar\u00fcber zu lesen und daran teilzunehmen;<\/li>\n<li>die M\u00f6glichkeit, Teilnehmer auf der Grundlage der von ihnen eingegebenen Daten mit Inhalten, Gemeinschaften und Studien zusammenzubringen;<\/li>\n<li>die M\u00f6glichkeit, aggregierte Daten \u00fcber Gemeinschaften von Forschungsteilnehmern einzusehen;<\/li>\n<li>die M\u00f6glichkeit, zugeh\u00f6rige medizinische Unterlagen hochzuladen und zu organisieren; und<\/li>\n<li>die F\u00e4higkeit, famili\u00e4re Vorbelastungen zu dokumentieren.<\/li>\n<\/ul>\n<p>Das <span class=\"notranslate\">Simons Searchlight<\/span> Webportal ist nicht f\u00fcr Personen unter 18 Jahren bestimmt. Sie best\u00e4tigen, dass Sie entweder mindestens 18 Jahre alt oder vollj\u00e4hrig sind oder die Zustimmung Ihrer Eltern oder Ihres Vormunds besitzen; dass Sie voll gesch\u00e4ftsf\u00e4hig sind, die in diesen Nutzungsbedingungen festgelegten Bedingungen, Verpflichtungen, Zusicherungen und Gew\u00e4hrleistungen einzugehen; dass Sie anderweitig in der Lage sind, nach geltendem Recht rechtlich bindende Vereinbarungen zu treffen; und dass Sie sich verpflichten, diese Nutzungsbedingungen einzuhalten und zu befolgen.<\/p>\n<p>Die Nutzung und der Zugriff auf das Webportal wird Ihnen ausschlie\u00dflich f\u00fcr Ihren pers\u00f6nlichen, nichtkommerziellen Gebrauch zur Verf\u00fcgung gestellt. Sie d\u00fcrfen eine Kopie eines beliebigen Teils des Webportals auf einem beliebigen Medium f\u00fcr Ihren pers\u00f6nlichen, nichtkommerziellen Gebrauch anfertigen, m\u00fcssen jedoch unsere vorherige Zustimmung einholen, wenn Sie zus\u00e4tzliche Kopien anfertigen, solche zus\u00e4tzlichen Kopien verbreiten oder die auf dem Webportal bereitgestellten Informationen \u00f6ffentlich zeigen wollen. Dar\u00fcber hinaus ist Ihre weitere Nutzung des Webportals von der Einhaltung dieser Nutzungsbedingungen abh\u00e4ngig.<\/p>\n<p>Sie sind sich bewusst, dass Sie durch die Nutzung der Website Inhalten ausgesetzt sein k\u00f6nnen, die technische, typografische, wissenschaftliche oder fotografische Fehler enthalten k\u00f6nnen oder die beleidigend, unanst\u00e4ndig oder anst\u00f6\u00dfig sein k\u00f6nnen. Wenn Sie ungenaue, veraltete oder unvollst\u00e4ndige Informationen oder Inhalte auf dieser Website finden oder wenn Sie den Verdacht haben, dass ein auf dieser Website ver\u00f6ffentlichter Inhalt die Rechte am geistigen Eigentum eines anderen verletzt oder anderweitig rechtswidrig ist, teilen Sie uns dies bitte unverz\u00fcglich mit, indem Sie sich an <a href=\"mailto:coordinator@simonssearchlight.org\">coordinator@simonssearchlight.org<\/a> wenden <a href=\"mailto:coordinator@simonssearchlight.org\">.<\/a> Wir werden angemessene Ma\u00dfnahmen ergreifen, um alle Anfragen zu \u00fcberpr\u00fcfen und zu untersuchen, und wir behalten uns das Recht vor, alle Ma\u00dfnahmen zu ergreifen (oder zu unterlassen), die wir unter den gegebenen Umst\u00e4nden f\u00fcr angemessen halten.<\/p>\n<p><span class=\"notranslate\">Simons Searchlight<\/span> widmet sich der Erforschung von genetischen Ver\u00e4nderungen im Zusammenhang mit Autismus. Wir sind eine Partnerschaft von f\u00fchrenden Wissenschaftlern, Forschern und Familien. Wir sind davon \u00fcberzeugt, dass wir nur gemeinsam einen bedeutenden Fortschritt erzielen k\u00f6nnen. Gleichzeitig erkennen wir an, dass es mehrere Organisationen geben kann, die sich mit einer einzigen genetischen Erkrankung befassen. Diese Organisationen k\u00f6nnen einen offiziellen gemeinn\u00fctzigen Status haben oder einfach eine Gemeinschaft von Familien sein, die sich \u00fcber soziale Medien zusammengeschlossen haben. <span class=\"notranslate\">Simons Searchlight<\/span> sch\u00e4tzt und f\u00f6rdert die Zusammenarbeit, Transparenz und den offenen Informationsaustausch zwischen interessierten Parteien und arbeitet vorrangig mit Gruppen zusammen, die diese Werte teilen. Wir arbeiten als neutrale Partei mit Organisationen zusammen und sind bestrebt, Informationen, Ressourcen und Forschungsm\u00f6glichkeiten f\u00fcr die gesamte Gemeinschaft bereitzustellen.<\/p>\n<p>&nbsp;<\/p>\n<p>Alle von <span class=\"notranslate\">Simons Searchlight<\/span> produzierten Inhalte sind Eigentum der <span class=\"notranslate\">Simons Foundation<\/span> und werden von ihr verwaltet. Wenn wir den Verdacht haben, dass eine Person oder Organisation in b\u00f6ser Absicht oder gegen die Mission von <span class=\"notranslate\">Simons Searchlight<\/span> arbeitet, behalten wir uns das Recht vor, die Entfernung von <span class=\"notranslate\">Simons Searchlight<\/span>-Inhalten von der Website und den sozialen Medien der Person oder Organisation zu verlangen.<\/p>\n<p><strong>Kein medizinischer Rat<\/strong><\/p>\n<p>Der Inhalt dieser Website und jegliche Kommunikation mit dem Team von <span class=\"notranslate\">Simons Searchlight<\/span> \u00fcber die Website stellt keine medizinische Beratung dar, und es wird keine Beziehung zwischen Arzt und Patient hergestellt. <span class=\"notranslate\">Simons Searchlight<\/span> und die <span class=\"notranslate\">Simons Foundation<\/span> \u00fcbernehmen keine Haftung f\u00fcr den Inhalt der Website oder f\u00fcr die Folgen von Handlungen, die auf der Grundlage der bereitgestellten Informationen vorgenommen werden. F\u00fcr die Richtigkeit, Vollst\u00e4ndigkeit, Angemessenheit und Aktualit\u00e4t der Inhalte wird keine Gew\u00e4hr \u00fcbernommen. Die Nutzung von Informationen auf der Website oder von Materialien, auf die von der Website aus verwiesen wird, erfolgt auf eigenes Risiko des Nutzers. Die Inhalte der Website &#8211; wie Texte, Grafiken, Bilder und andere Materialien &#8211; dienen ausschlie\u00dflich zu Informationszwecken. Der Inhalt ist nicht als Ersatz f\u00fcr professionelle medizinische Beratung, Diagnose oder Behandlung gedacht. Die Nutzer sollten bei Fragen zu ihrem Gesundheitszustand immer den Rat eines Arztes oder eines anderen qualifizierten Gesundheitsdienstleisters einholen. Die Nutzer sollten niemals einen professionellen medizinischen Rat missachten oder ihn aufgrund von Informationen auf dieser Website verz\u00f6gern. Die Website empfiehlt oder bef\u00fcrwortet keine bestimmten Tests, Produkte, Verfahren, Meinungen oder andere Informationen, die auf der Website erw\u00e4hnt werden k\u00f6nnten.<\/p>\n<p><strong>Rechte an geistigem Eigentum<\/strong><\/p>\n<p>Alle Inhalte auf dieser Website sind Eigentum der Simons-Stiftung oder ihrer verbundenen Unternehmen, Lizenzgeber oder Drittanbieter von Inhalten, einschlie\u00dflich unserer Besucher. Die Simons-Stiftung beh\u00e4lt sich alle Rechte und das Eigentum an allen originellen und urheberrechtsf\u00e4higen Materialien auf der Website vor, deren Urheber wir sind oder f\u00fcr die wir anderweitig das Eigentum erworben haben, einschlie\u00dflich, aber nicht beschr\u00e4nkt auf den Text, das Design, die Handb\u00fccher, die Informationen, den Inhalt, die Grafiken, die Bilder, die Ton- und sonstigen Dateien sowie deren Auswahl, Zusammenstellung und Anordnung in ihrer Gesamtheit. Es ist Ihnen nicht gestattet, unsere Dienstleistungen, Software, Inhalte oder Dokumentationen zu kopieren, zu modifizieren, weiterzugeben, zu verbreiten, zu ver\u00f6ffentlichen, zu adaptieren, zu \u00fcbersetzen, davon abgeleitete Werke zu erstellen, kommerziell zu verwerten, zu verkaufen, zu lizenzieren, zu dekompilieren, zur\u00fcckzuentwickeln, zu disassemblieren oder anderweitig zu versuchen, den Quellcode davon abzuleiten, oder einen Ersatz oder ein \u00e4hnliches Produkt durch die Nutzung oder den Zugriff auf diese Website oder eine damit verbundene Website oder damit verbundene gesch\u00fctzte Informationen zu erstellen oder dies zu versuchen, ohne unsere vorherige schriftliche Zustimmung. Der Nachdruck oder eine andere \u00f6ffentliche Darstellung unserer Originalinhalte ist ohne ausdr\u00fcckliche schriftliche Genehmigung untersagt. Dar\u00fcber hinaus d\u00fcrfen Sie den Urheberrechtshinweis oder andere Hinweise auf der Website oder auf den von ihr abgerufenen oder heruntergeladenen Inhalten nicht entfernen oder unkenntlich machen.<\/p>\n<p>Die Namen, Warenzeichen, Dienstleistungsmarken und Designmarken (einschlie\u00dflich Logos), die auf dieser Website verwendet werden, sind Eigentum der Simons-Stiftung oder ihrer verbundenen Unternehmen, Lizenzgeber oder Drittanbieter von Inhalten, und Sie werden keinen dieser Namen oder Marken in der Werbung oder \u00d6ffentlichkeitsarbeit oder anderweitig verwenden, um das Sponsoring von oder die Zugeh\u00f6rigkeit zu einem Produkt oder einer Dienstleistung anzuzeigen, ohne die vorherige schriftliche Zustimmung des Eigent\u00fcmers eines solchen Namens oder einer solchen Marke.<\/p>\n<p><strong>Anerkannte Verhaltensnormen<\/strong><\/p>\n<p>Wir m\u00f6chten Sie ermutigen, die Website zu nutzen, dies aber verantwortungsbewusst zu tun. Damit verpflichten Sie sich, die folgenden Regeln einzuhalten:<\/p>\n<ul>\n<li>keine pers\u00f6nlichen Angriffe auf Personen, Personengruppen, Firmen oder Unternehmen vorzunehmen;<\/li>\n<li>kein verleumderisches, obsz\u00f6nes oder gottesl\u00e4sterliches (auch wenn es mit Sternchen oder einer anderen Typografie getarnt ist), unanst\u00e4ndiges, unz\u00fcchtiges, pornografisches, gewaltt\u00e4tiges, missbr\u00e4uchliches, beleidigendes, bedrohliches, bedrohliches, rechtswidriges oder blasphemisches Material zu \u00fcbermitteln oder einen Link dazu zu erstellen;<\/li>\n<li>kein Material zu \u00fcbermitteln oder zu verlinken, das eine Verletzung der Privatsph\u00e4re, einen Versto\u00df gegen Datenschutzgrunds\u00e4tze oder -gesetze, eine b\u00f6swillige Unwahrheit oder eine aufr\u00fchrerische Verleumdung darstellt, eine Missachtung des Gerichts darstellt oder zu Gewalt, Rassenhass, Sadismus oder Grausamkeit anstiften kann oder zu einer rechtswidrigen oder illegalen Handlung oder Unterlassung auffordert;<\/li>\n<li>kein Material zu \u00fcbermitteln oder einen Link dazu zu erstellen, das absichtlich falsch oder irref\u00fchrend ist, das \u00c4rger, Unannehmlichkeiten oder unn\u00f6tige \u00c4ngste verursacht oder das potenziell sch\u00e4dlich ist;<\/li>\n<li>keine Urheberrechte, Patente, Warenzeichen, Gesch\u00e4ftsgeheimnisse oder andere Eigentumsrechte der <span class=\"notranslate\">Simons Foundation<\/span> oder eines Dritten zu verletzen oder das Recht auf \u00d6ffentlichkeit oder Privatsph\u00e4re zu verletzen;<\/li>\n<li>sich nicht als eine andere Person auszugeben, sei es eine Person des \u00f6ffentlichen Lebens, ein Mitglied unseres Personals, ein Forumsmoderator, Administrator oder Gastgeber oder ein anderer Besucher dieser Website;<\/li>\n<li>nicht f\u00e4lschlich anzugeben oder darzustellen, dass Sie mit einer nat\u00fcrlichen oder juristischen Person verbunden oder ihr angegliedert sind;<\/li>\n<li>ohne die ausdr\u00fcckliche Genehmigung der betreffenden Person bzw. des Eigent\u00fcmers dieser Rechte keine personenbezogenen Daten einer Person oder urheberrechtlich, markenrechtlich, \u00f6ffentlichkeitsrechtlich, datenschutzrechtlich oder anderweitig gesch\u00fctztes Material zu \u00fcbermitteln oder anderweitig zug\u00e4nglich zu machen;<\/li>\n<li>keine Werbung zu betreiben oder sich an anderen Formen des Marketings zu beteiligen, einschlie\u00dflich (ohne Einschr\u00e4nkung) Kettenbriefen oder Schneeballsystemen, selbst wenn Sie im Namen einer gemeinn\u00fctzigen Organisation oder einer Wohlt\u00e4tigkeitsorganisation handeln;<\/li>\n<li>den Inhalt der Website nicht ohne die schriftliche Zustimmung der Simons-Stiftung weiterzugeben, zu ver\u00f6ffentlichen, zu zeigen oder zu \u00fcbertragen;<\/li>\n<li>bei der Nutzung unserer Website nicht wissentlich gegen ein Gesetz oder eine Vorschrift zu versto\u00dfen;<\/li>\n<li>unsere Website nicht zu nutzen, um pers\u00f6nliche Daten \u00fcber andere Personen zu sammeln;<\/li>\n<li>keine Dateien zu \u00fcbermitteln oder einen Link zu ihnen zu erstellen, die Viren, besch\u00e4digte Daten, trojanische Pferde oder andere Dinge enthalten, die Daten oder Dateien auf einem Computer besch\u00e4digen, zerst\u00f6ren oder unzug\u00e4nglich machen k\u00f6nnten;<\/li>\n<li>die Website nicht als Weiterleitungsdienst zu einer anderen Website zu nutzen;<\/li>\n<li>eine andere Person nicht zu stalken oder anderweitig zu bel\u00e4stigen; und<\/li>\n<li>nicht zu versuchen, die Sicherheitsfunktionen dieser Website zu umgehen oder ein Computersystem, einen Server, eine Website, einen Router oder ein anderes Ger\u00e4t, das als Host f\u00fcr diese Website dient oder sie verf\u00fcgbar macht, zu manipulieren, zu hacken oder auf andere Weise zu st\u00f6ren oder zu deaktivieren.<\/li>\n<\/ul>\n<p>Wir behalten uns das Recht vor, Benutzerinhalte zu \u00fcberwachen, Nachforschungen anzustellen und\/oder geeignete Ma\u00dfnahmen gegen Benutzer zu ergreifen, die gegen diese akzeptierten Verhaltensstandards oder andere Bestimmungen dieser Nutzungsbedingungen versto\u00dfen.<\/p>\n<p><strong>\u00dcberarbeitungen und Irrt\u00fcmer, Nichtanwendung und Haftungsverzicht<\/strong><\/p>\n<p>Das Material auf dem <span class=\"notranslate\">Simons Searchlight<\/span> Webportal kann technische, typografische, wissenschaftliche oder fotografische Fehler enthalten. Wir \u00fcbernehmen keine Garantie f\u00fcr die Richtigkeit, Vollst\u00e4ndigkeit oder Aktualit\u00e4t des Materials auf unserer Website oder daf\u00fcr, dass die Website fehlerfrei oder ohne Unterbrechung funktioniert. Wir haften weder Ihnen noch Dritten gegen\u00fcber f\u00fcr Verluste oder Sch\u00e4den jeglicher Art, die sich aus der Nutzung dieser Website oder der Verbreitung von oder dem Vertrauen auf Inhalte dieser Website ergeben, und Sie verzichten hiermit auf jegliche Anspr\u00fcche gegen uns und unsere Mitarbeiter, leitenden Angestellten, Direktoren und Vertreter im Zusammenhang mit der Nutzung, Verbreitung von oder dem Vertrauen auf diese Website.<\/p>\n<p>Wir k\u00f6nnen jederzeit und ohne Vorank\u00fcndigung \u00c4nderungen an den Materialien auf dem <span class=\"notranslate\">Simons Searchlight<\/span> Webportal vornehmen. Wir \u00fcbernehmen jedoch keine Verpflichtung zur Aktualisierung der Materialien.<\/p>\n<p>Sie nehmen zur Kenntnis und erkl\u00e4ren sich damit einverstanden, dass wir keine Verantwortung f\u00fcr die Informationen, Inhalte, Produkte, Dienstleistungen, Werbung, Codes oder andere Materialien \u00fcbernehmen, die von oder \u00fcber andere Websites bereitgestellt werden, die mit dieser Website verlinkt sind, selbst wenn sie sich in unserem Besitz befinden oder von unseren verbundenen Unternehmen oder Partnern betrieben werden. Wir haben keine Kontrolle \u00fcber deren Inhalt oder Verf\u00fcgbarkeit.<\/p>\n<p>Unsere Mitarbeiter haben nicht alle mit dieser Website verlinkten Seiten \u00fcberpr\u00fcft. Die Aufnahme eines Links auf unserer Website bedeutet nicht, dass die Simons-Stiftung die verlinkte Website bef\u00fcrwortet. Die Nutzung einer solchen verlinkten Website erfolgt auf eigene Gefahr, und wir empfehlen Ihnen, die Nutzungsbedingungen und Datenschutzrichtlinien dieser Websites zu pr\u00fcfen, da sie sich von denen dieser Website unterscheiden k\u00f6nnen. Es liegt an Ihnen, Vorsichtsma\u00dfnahmen zu ergreifen, um sicherzustellen, dass das von Ihnen gew\u00e4hlte Programm frei von Viren, W\u00fcrmern, trojanischen Pferden und anderen zerst\u00f6rerischen Elementen ist.<\/p>\n<p>Alle Meinungen, Ratschl\u00e4ge, Erkl\u00e4rungen, Dienstleistungen, Angebote oder Informationen oder Inhalte, die von Dritten auf dieser Website oder auf einer Website, zu der diese Website verlinkt ist, bereitgestellt oder gemacht werden, sind die des Autors oder Anbieters und nicht die der Simons-Stiftung.<\/p>\n<p>Bedenken bez\u00fcglich einer anderen Website sollten Sie an den Website-Administrator oder Webmaster der betreffenden Website richten.<\/p>\n<p><strong>Geltendes Recht und Gerichtsbarkeit<\/strong><\/p>\n<p>Diese Vereinbarung unterliegt dem materiellen Recht des Staates New York und ist entsprechend auszulegen, ohne Bezugnahme auf die Grunds\u00e4tze des Kollisionsrechts. Jegliche Streitigkeiten, Meinungsverschiedenheiten oder Differenzen, die sich zwischen den Parteien aus, in Bezug auf oder in Verbindung mit diesen Nutzungsbedingungen ergeben k\u00f6nnten, werden hiermit unwiderruflich der ausschlie\u00dflichen Gerichtsbarkeit der Gerichte von New York unterworfen, unter Ausschluss aller anderen Gerichte, ohne dass die Bestimmungen des Kollisionsrechts oder Ihr tats\u00e4chlicher Wohnsitzstaat oder -land ber\u00fccksichtigt werden.<\/p>\n<p>Sollte eine dieser Nutzungsbedingungen (aus welchem Grund auch immer) f\u00fcr nicht durchsetzbar, illegal oder auf andere Weise ung\u00fcltig befunden werden, so hat die nicht durchsetzbare, illegale oder ung\u00fcltige Bestimmung keinen Einfluss auf den Rest dieser Nutzungsbedingungen und diese bleiben in vollem Umfang in Kraft.<\/p>\n<p>Die <span class=\"notranslate\">Simons Foundation<\/span> erhebt keinen Anspruch darauf, dass die Informationen auf der Website au\u00dferhalb der Vereinigten Staaten geeignet sind oder heruntergeladen werden k\u00f6nnen. Der Zugang zu dieser Website kann in bestimmten L\u00e4ndern oder f\u00fcr bestimmte Personen nicht legal sein. Wenn Sie von au\u00dferhalb der Vereinigten Staaten auf die Website zugreifen, tun Sie dies auf eigenes Risiko und sind f\u00fcr die Einhaltung der Gesetze Ihrer Gerichtsbarkeit in Bezug auf Online-Verhalten und akzeptable Inhalte verantwortlich. Pers\u00f6nliche Informationen (&#8220;Informationen&#8221;), die an diese Website \u00fcbermittelt werden, werden in \u00dcbereinstimmung mit geltendem US-Recht und unserer Datenschutzrichtlinie gesammelt, verarbeitet, gespeichert, offengelegt und entsorgt.<\/p>\n<p>Wenn Sie ein Nicht-US-Benutzer sind, erkennen Sie an und stimmen zu, dass die <span class=\"notranslate\">Simons Foundation<\/span> und <span class=\"notranslate\">Simons Searchlight<\/span> Ihre Informationen sammeln und verwenden und sie an andere Stellen au\u00dferhalb Ihres Wohnsitzes weitergeben k\u00f6nnen. Dar\u00fcber hinaus k\u00f6nnen diese Informationen auf Servern gespeichert werden, die sich au\u00dferhalb des Landes befinden, in dem Sie wohnen. Das US-Recht bietet m\u00f6glicherweise nicht den Schutz f\u00fcr Informationen, der in anderen L\u00e4ndern verf\u00fcgbar ist. Indem Sie uns Ihre Daten zur Verf\u00fcgung stellen, erkl\u00e4ren Sie sich damit einverstanden, dass diese Daten, wie in unserer Datenschutzrichtlinie beschrieben, in L\u00e4nder au\u00dferhalb Ihres Wohnsitzes \u00fcbertragen werden. Wenn Sie mit einer solchen \u00dcbertragung nicht einverstanden sind, d\u00fcrfen Sie diese Website nicht nutzen.<\/p>\n<p><strong>Haftungsausschl\u00fcsse und Haftungsbeschr\u00e4nkung<\/strong><\/p>\n<p>SIE STIMMEN ZU, DASS DIE NUTZUNG DES SIMONS SEARCHLIGHT WEBPORTALS AUF IHR EIGENES RISIKO ERFOLGT. SIMONS SEARCHLIGHT, SIMONS FOUNDATION, IHRE LEITENDEN ANGESTELLTEN, DIREKTOREN, MITARBEITER, PARTNER, BEITRAGSZAHLER UND VERTRETER LEHNEN IM VOLLEN GESETZLICH ZUL\u00c4SSIGEN UMFANG JEDE AUSDR\u00dcCKLICHE ODER STILLSCHWEIGENDE GEW\u00c4HRLEISTUNG IM ZUSAMMENHANG MIT DEM WEBPORTAL UND IHRER NUTZUNG AB. SIMONS SEARCHLIGHT UND DIE SIMONS STIFTUNG GEBEN KEINE GARANTIEN ODER ZUSICHERUNGEN HINSICHTLICH DER RICHTIGKEIT ODER VOLLST\u00c4NDIGKEIT DER INHALTE, RATSCHL\u00c4GE, PRODUKTE ODER DIENSTLEISTUNGEN DIESES WEBPORTALS ODER DER INHALTE, RATSCHL\u00c4GE, PRODUKTE ODER DIENSTLEISTUNGEN DER MIT DEM WEBPORTAL VERLINKTEN SEITEN UND \u00dcBERNEHMEN KEINE HAFTUNG ODER VERANTWORTUNG F\u00dcR JEGLICHE (I) FEHLER, IRRT\u00dcMER, AUSLASSUNGEN, UNGENAUIGKEITEN ODER MANGELNDE AUTHENTIZIT\u00c4T DES INHALTS; (II) PERSONEN- ODER SACHSCH\u00c4DEN JEGLICHER ART, DIE SICH AUS IHREM ZUGANG ZUM UND IHRER NUTZUNG DES WEBPORTALS ERGEBEN; (III) JEGLICHEN UNBEFUGTEN ZUGRIFF AUF ODER DIE NUTZUNG VON UNSEREN GESICHERTEN SERVERN UND\/ODER ALLEN DARIN GESPEICHERTEN PERS\u00d6NLICHEN INFORMATIONEN; (IV) JEDE UNTERBRECHUNG ODER EINSTELLUNG DER \u00dcBERTRAGUNG ZUM ODER VOM WEBPORTAL; (V) BUGS, VIREN, TROJANISCHE PFERDE ODER \u00c4HNLICHES, DIE VON DRITTEN AN ODER \u00dcBER DAS WEBPORTAL \u00dcBERTRAGEN WERDEN K\u00d6NNEN; UND\/ODER (VI) F\u00dcR FEHLER ODER AUSLASSUNGEN IN INHALTEN ODER F\u00dcR MATERIELLE ODER IMMATERIELLE VERLUSTE, MISSBRAUCH, UNBEFUGTEN ZUGRIFF, \u00c4NDERUNGEN ODER SCH\u00c4DEN JEGLICHER ART, DIE DURCH DIE NUTZUNG VON INHALTEN ENTSTEHEN, DIE \u00dcBER DAS WEBPORTAL VER\u00d6FFENTLICHT, PER E-MAIL VERSANDT, \u00dcBERTRAGEN ODER AUF ANDERE WEISE ZUG\u00c4NGLICH GEMACHT WERDEN. SIMONS SEARCHLIGHT UND DIE SIMONS STIFTUNG \u00dcBERNEHMEN KEINE GEW\u00c4HRLEISTUNG, UNTERST\u00dcTZUNG, GARANTIE ODER VERANTWORTUNG F\u00dcR PRODUKTE ODER DIENSTLEISTUNGEN, DIE VON DRITTEN \u00dcBER DAS WEBPORTAL ODER \u00dcBER MIT DEM WEBPORTAL VERLINKTE SEITEN BEWORBEN ODER ANGEBOTEN WERDEN.<\/p>\n<p>SOWEIT DIES NACH GELTENDEM RECHT ZUL\u00c4SSIG IST, HAFTEN WEDER SIMONS SEARCHLIGHT NOCH DIE SIMONS FOUNDATION, IHRE LEITENDEN ANGESTELLTEN, DIREKTOREN, MITARBEITER, PARTNER, BEITRAGSZAHLER ODER VERTRETER F\u00dcR DIREKTE, INDIREKTE, ZUF\u00c4LLIGE, BESONDERE SCH\u00c4DEN, SCHADENSERSATZ ODER FOLGESCH\u00c4DEN, DIE SICH AUS ODER IM ZUSAMMENHANG MIT DIESEN NUTZUNGSBEDINGUNGEN, IHRER NUTZUNG ODER DER UNF\u00c4HIGKEIT ZUR NUTZUNG DES WEBPORTALS ERGEBEN, UNABH\u00c4NGIG DAVON, OB WIR AUF DIE M\u00d6GLICHKEIT SOLCHER SCH\u00c4DEN HINGEWIESEN WURDEN ODER NICHT.<\/p>\n<p>SIE ERKENNEN HIERMIT AN, DASS DIE OBIGEN ABS\u00c4TZE F\u00dcR ALLE INHALTE, RATSCHL\u00c4GE, WAREN UND DIENSTLEISTUNGEN GELTEN, DIE \u00dcBER DIE WEBSITE VERF\u00dcGBAR SIND.<\/p>\n<p>DA IN EINIGEN STAATEN DER AUSSCHLUSS ODER DIE BESCHR\u00c4NKUNG DER HAFTUNG F\u00dcR FOLGE- ODER BEIL\u00c4UFIG ENTSTANDENE SCH\u00c4DEN NICHT ZUL\u00c4SSIG IST, IST DIE HAFTUNG IN DIESEN STAATEN AUF DEN GERINGSTEN GESETZLICH ZUL\u00c4SSIGEN BETRAG BESCHR\u00c4NKT. DIE IN DIESER VEREINBARUNG VORGESEHENEN HAFTUNGSBESCHR\u00c4NKUNGEN KOMMEN SIMONS UND SEINEN JEWEILIGEN VERBUNDENEN UNTERNEHMEN, PARTNERN, BEITRAGSZAHLERN, LEITENDEN ANGESTELLTEN, DIREKTOREN, MITARBEITERN, ABTRETUNGSEMPF\u00c4NGERN, RECHTSANW\u00c4LTEN UND VERTRETERN ZUGUTE.<\/p>\n<p>Wenn Sie Fragen zu diesen Nutzungsbedingungen haben, kontaktieren Sie uns bitte unter <a href=\"mailto:coordinator@simonssearchlight.org\">coordinator@simonssearchlight.org.<\/a><\/p>\n","protected":false},"excerpt":{"rendered":"<p>Simons Searchlight Nutzungsbedingungen Durch die Nutzung des Simons Searchlight Webportals erkl\u00e4ren Sie, dass Sie diese Nutzungsbedingungen gelesen und verstanden haben und mit ihnen einverstanden sind. Wir behalten uns das Recht vor, diese Bedingungen jederzeit nach unserem alleinigen Ermessen und ohne vorherige Ank\u00fcndigung zu \u00e4ndern. Alle \u00c4nderungen an diesen Nutzungsbedingungen werden auf dem Webportal ver\u00f6ffentlicht. Wir [&hellip;]<\/p>\n","protected":false},"author":6,"featured_media":0,"parent":0,"menu_order":0,"comment_status":"closed","ping_status":"closed","template":"","meta":{"_acf_changed":false,"_relevanssi_hide_post":"","_relevanssi_hide_content":"","_relevanssi_pin_for_all":"","_relevanssi_pin_keywords":"","_relevanssi_unpin_keywords":"","_relevanssi_related_keywords":"","_relevanssi_related_include_ids":"","_relevanssi_related_exclude_ids":"","_relevanssi_related_no_append":"","_relevanssi_related_not_related":"","_relevanssi_related_posts":"","_relevanssi_noindex_reason":"","footnotes":""},"acf":[],"_links":{"self":[{"href":"https:\/\/www.simonssearchlight.org\/de\/wp-json\/wp\/v2\/pages\/46270"}],"collection":[{"href":"https:\/\/www.simonssearchlight.org\/de\/wp-json\/wp\/v2\/pages"}],"about":[{"href":"https:\/\/www.simonssearchlight.org\/de\/wp-json\/wp\/v2\/types\/page"}],"author":[{"embeddable":true,"href":"https:\/\/www.simonssearchlight.org\/de\/wp-json\/wp\/v2\/users\/6"}],"replies":[{"embeddable":true,"href":"https:\/\/www.simonssearchlight.org\/de\/wp-json\/wp\/v2\/comments?post=46270"}],"version-history":[{"count":0,"href":"https:\/\/www.simonssearchlight.org\/de\/wp-json\/wp\/v2\/pages\/46270\/revisions"}],"wp:attachment":[{"href":"https:\/\/www.simonssearchlight.org\/de\/wp-json\/wp\/v2\/media?parent=46270"}],"curies":[{"name":"wp","href":"https:\/\/api.w.org\/{rel}","templated":true}]}}