{"id":46248,"date":"2019-03-12T13:00:04","date_gmt":"2019-03-12T17:00:04","guid":{"rendered":"https:\/\/www.simonssearchlight.org\/ressourcen\/treffen-mit-der-familie\/"},"modified":"2019-03-12T13:00:04","modified_gmt":"2019-03-12T17:00:04","slug":"treffen-mit-der-familie","status":"publish","type":"page","link":"https:\/\/www.simonssearchlight.org\/de\/ressourcen\/treffen-mit-der-familie\/","title":{"rendered":"Treffen mit der Familie"},"content":{"rendered":"<p>Die Organisation eines Familientreffens erfordert monatelange Planung und Koordination zwischen den Familien. <span class=\"notranslate\">Simons Searchlight<\/span> hat diese Tipps zusammengestellt, die Ihnen dabei helfen sollen.<\/p>\n<h2 style=\"text-align: center;\">Arten von Sitzungen<\/h2>\n<p data-pm-slice=\"1 1 []\">Es gibt zwei Arten von Treffen, die Familien organisieren k\u00f6nnen, je nach Gr\u00f6\u00dfe der Familiengruppe und erwarteter Teilnehmerzahl:<\/p>\n\n<h2 style=\"text-align: center;\" data-pm-slice=\"1 1 []\">M\u00f6chten Sie, dass <span class=\"notranslate\">Simons Searchlight<\/span> an Ihrem Familientreffen teilnimmt?<\/h2>\n<p style=\"text-align: left;\" data-pm-slice=\"1 1 []\"><strong>Bevor Sie sich mit <span class=\"notranslate\">Simons Searchlight<\/span> in Verbindung setzen, beachten Sie bitte die folgenden Angaben:<\/strong><\/p>\n<ol>\n<li style=\"text-align: left;\" data-pm-slice=\"1 1 []\">Die Art des Familientreffens, das Ihre Gruppe plant: <span style=\"text-decoration: underline;\">Pers\u00f6nlich<\/span> oder <span style=\"text-decoration: underline;\">virtuell<\/span><\/li>\n<li style=\"text-align: left;\" data-pm-slice=\"1 1 []\">Ein <u>Datum oder einen Datumsbereich<\/u> f\u00fcr das Familientreffen. Dieser Termin wird vom <span class=\"notranslate\">Simons Searchlight<\/span>-Team best\u00e4tigt.<\/li>\n<li style=\"text-align: left;\" data-pm-slice=\"1 1 []\">Ein m\u00f6glicher <u>Ort<\/u> f\u00fcr die Veranstaltung (nur bei pers\u00f6nlichen Treffen).<\/li>\n<li style=\"text-align: left;\" data-pm-slice=\"1 1 []\">Eine Liste der <u>best\u00e4tigten Teilnehmer (nur bei pers\u00f6nlichen Treffen)<\/u> oder der <u>erwarteten Teilnehmerzahl<\/u>.<\/li>\n<li data-pm-slice=\"1 1 []\">Der <u>Grad der Forschungsbeteiligung<\/u>, den Ihre Gruppe bei <span class=\"notranslate\">Simons Searchlight<\/span> beantragt (nur pers\u00f6nliche Treffen).<\/li>\n<\/ol>\n<p style=\"text-align: center;\" data-pm-slice=\"1 1 []\"><strong>Wenn Ihre Familiengruppe all diese Details vorbereitet hat, folgen Sie bitte dem unten stehenden Link, um einen Antrag auf Unterst\u00fctzung f\u00fcr das <span class=\"notranslate\">Simons Searchlight<\/span> Familientreffen zu stellen:<\/strong><\/p>\n<h3 style=\"text-align: center;\" data-pm-slice=\"1 1 []\"><a href=\"https:\/\/forms.gle\/cXfZFy7PbRarAqTQ6\" target=\"_blank\" rel=\"noopener\">F\u00fcllen Sie Ihre Bewerbung hier aus!<\/a><\/h3>\n","protected":false},"excerpt":{"rendered":"<p>Die Organisation eines Familientreffens erfordert monatelange Planung und Koordination zwischen den Familien. Simons Searchlight hat diese Tipps zusammengestellt, die Ihnen dabei helfen sollen. Arten von Sitzungen Es gibt zwei Arten von Treffen, die Familien organisieren k\u00f6nnen, je nach Gr\u00f6\u00dfe der Familiengruppe und erwarteter Teilnehmerzahl: M\u00f6chten Sie, dass Simons Searchlight an Ihrem Familientreffen teilnimmt? Bevor Sie [&hellip;]<\/p>\n","protected":false},"author":6,"featured_media":0,"parent":46084,"menu_order":0,"comment_status":"closed","ping_status":"closed","template":"","meta":{"_acf_changed":false,"_relevanssi_hide_post":"","_relevanssi_hide_content":"","_relevanssi_pin_for_all":"","_relevanssi_pin_keywords":"","_relevanssi_unpin_keywords":"","_relevanssi_related_keywords":"","_relevanssi_related_include_ids":"","_relevanssi_related_exclude_ids":"","_relevanssi_related_no_append":"","_relevanssi_related_not_related":"","_relevanssi_related_posts":"","_relevanssi_noindex_reason":"","footnotes":""},"acf":[],"_links":{"self":[{"href":"https:\/\/www.simonssearchlight.org\/de\/wp-json\/wp\/v2\/pages\/46248"}],"collection":[{"href":"https:\/\/www.simonssearchlight.org\/de\/wp-json\/wp\/v2\/pages"}],"about":[{"href":"https:\/\/www.simonssearchlight.org\/de\/wp-json\/wp\/v2\/types\/page"}],"author":[{"embeddable":true,"href":"https:\/\/www.simonssearchlight.org\/de\/wp-json\/wp\/v2\/users\/6"}],"replies":[{"embeddable":true,"href":"https:\/\/www.simonssearchlight.org\/de\/wp-json\/wp\/v2\/comments?post=46248"}],"version-history":[{"count":0,"href":"https:\/\/www.simonssearchlight.org\/de\/wp-json\/wp\/v2\/pages\/46248\/revisions"}],"up":[{"embeddable":true,"href":"https:\/\/www.simonssearchlight.org\/de\/wp-json\/wp\/v2\/pages\/46084"}],"wp:attachment":[{"href":"https:\/\/www.simonssearchlight.org\/de\/wp-json\/wp\/v2\/media?parent=46248"}],"curies":[{"name":"wp","href":"https:\/\/api.w.org\/{rel}","templated":true}]}}