{"id":46085,"date":"2018-10-31T15:43:50","date_gmt":"2018-10-31T19:43:50","guid":{"rendered":"https:\/\/www.simonssearchlight.org\/ueber\/"},"modified":"2018-10-31T15:43:50","modified_gmt":"2018-10-31T19:43:50","slug":"ueber","status":"publish","type":"page","link":"https:\/\/www.simonssearchlight.org\/de\/ueber\/","title":{"rendered":"\u00dcber"},"content":{"rendered":"<p><span class=\"notranslate\">Simons Searchlight<\/span> hat sich zum Ziel gesetzt, die genetische Erforschung von Autismus und verwandten St\u00f6rungen zu beschleunigen. Wir wollen mehr Antworten. Wir wollen mehr Fortschritt.<\/p>\n\n<p>Wir sind eine Partnerschaft von f\u00fchrenden Wissenschaftlern, Forschern und Familien. <span class=\"notranslate\">Simons Searchlight<\/span> ist davon \u00fcberzeugt, dass man nur gemeinsam einen <strong>bedeutenden Fortschritt<\/strong> erzielen kann. Die Familien wissen, welche Schritte sie auf ihrem Weg gemacht haben und wie sich ihr Leben ver\u00e4ndert hat. Die Wissenschaftler wissen, wie sie dieses Wissen in Spitzenforschung umsetzen k\u00f6nnen.<\/p>\n<p>Gemeinsam werden wir die Wissenschaft voranbringen.<\/p>\n<p><img loading=\"lazy\" decoding=\"async\" src=\"http:\/\/searchlight.site:8888\/wp-content\/uploads\/2018\/11\/blog3-300x200.jpg\" alt=\"\" width=\"300\" height=\"200\" class=\"alignright size-medium wp-image-46\" srcset=\"https:\/\/cdn.simonssearchlight.org\/wp-content\/uploads\/2018\/11\/09053836\/blog3-300x200.jpg 300w, https:\/\/cdn.simonssearchlight.org\/wp-content\/uploads\/2018\/11\/09053836\/blog3.jpg 500w\" sizes=\"(max-width: 300px) 100vw, 300px\" \/>Die Bedingungen, die wir untersuchen, k\u00f6nnen <strong>extrem selten<\/strong> sein. Aber wenn wir uns zusammentun, k\u00f6nnen unglaubliche Dinge geschehen. Es ergeben sich Einsichten und Muster. Gemeinschaften bilden. Einmal isolierte Bedingungen werden wichtig und relevant.<\/p>\n<p>Und wenn wir die Antworten finden, wenn wir die Daten sammeln, ist es unserer Meinung nach von grundlegender Bedeutung, offen zu sein. Um <strong>die Ergebnisse<\/strong> mit Ihnen <strong>zu teilen<\/strong>. Und laden Forscher von Weltrang ein, weiter zu forschen. Je mehr K\u00f6pfe sich mit diesen genetischen Ver\u00e4nderungen besch\u00e4ftigen, desto mehr k\u00f6nnen wir <strong>Ihnen<\/strong> Wissen vermitteln.<\/p>\n<p>Gemeinsam werden wir erfolgreich sein.<\/p>\n\n<h2>Dies ist eine H2-\u00dcberschrift<\/h2>\n<p>Lorem ipsum dolor sit amet, consectetur adipiscing elit. <a href=\"#\">Integer et ornare diam<\/a>. Quisque vel maximus dui. Morbi molestie ex diam, <em>tempor egestas mi ullamcorper vitae<\/em>. Nunc eu cursus sem. Pellentesque suscipit et arcu ac ullamcorper.<\/p>\n<ul>\n<li>Aenean elit diam, blandit in fermentum quis, venenatis ac massa.<\/li>\n<li>Vestibulum venenatis quam lorem, eu vehicula lacus dapibus a. Proin a massa facilisis, porta mauris eu, hendrerit ex.<\/li>\n<li>Praesent <strong>a vulputate risus<\/strong>, non elementum ante. Morbi finibus euismod malesuada. Nulla eu ante nec augue imperdiet posuere.<\/li>\n<li>Aenean elit diam, blandit in fermentum quis, <em>venenatis ac massa<\/em>. Vestibulum venenatis quam lorem, eu vehicula lacus dapibus a.<\/li>\n<\/ul>\n<h3>Dies ist eine H3-\u00dcberschrift<\/h3>\n<p>Vivamus eget libero a sapien fermentum eleifend nec a mi. Maecenas gravida, enim at dictum bibendum, neque enim mattis est, eu semper nibh ex eget erat.<\/p>\n<blockquote><p>Dies ist ein Zitat. Aliquam cursus justo non accumsan molestie. Fusce sit amet gravida lectus. Ujusto non accumsan molestie. Fusce sit amet gravida lectus.<\/p><\/blockquote>\n<p>Aliquam cursus justo non accumsan molestie. Fusce sit amet gravida lectus. Suspendisse euismod elit mi, ut sollicitudin mauris laoreet quis.<\/p>\n<ol>\n<li>Fusce sit amet gravida<\/li>\n<li>Vestibulum in sollicitudin lorem<\/li>\n<li>Donec congue nisl vitae lacus <a href=\"#\">aliquam consequat<\/a><\/li>\n<\/ol>\n<h4>Dies ist eine H4-\u00dcberschrift<\/h4>\n<p>Donec scelerisque a enim quis semper. Donec facilisis fringilla consectetur. Fusce consequat elit sed varius cursus. Vestibulum in sollicitudin lorem. Donec congue nisl vitae lacus aliquam consequat. Cras lobortis massa sed mauris venenatis sollicitudin.<\/p>\n","protected":false},"excerpt":{"rendered":"<p>Simons Searchlight hat sich zum Ziel gesetzt, die genetische Erforschung von Autismus und verwandten St\u00f6rungen zu beschleunigen. Wir wollen mehr Antworten. Wir wollen mehr Fortschritt. Wir sind eine Partnerschaft von f\u00fchrenden Wissenschaftlern, Forschern und Familien. Simons Searchlight ist davon \u00fcberzeugt, dass man nur gemeinsam einen bedeutenden Fortschritt erzielen kann. Die Familien wissen, welche Schritte sie [&hellip;]<\/p>\n","protected":false},"author":18,"featured_media":0,"parent":0,"menu_order":0,"comment_status":"closed","ping_status":"closed","template":"","meta":{"_acf_changed":false,"_relevanssi_hide_post":"","_relevanssi_hide_content":"","_relevanssi_pin_for_all":"","_relevanssi_pin_keywords":"","_relevanssi_unpin_keywords":"","_relevanssi_related_keywords":"","_relevanssi_related_include_ids":"","_relevanssi_related_exclude_ids":"","_relevanssi_related_no_append":"","_relevanssi_related_not_related":"","_relevanssi_related_posts":"","_relevanssi_noindex_reason":"","footnotes":""},"acf":[],"_links":{"self":[{"href":"https:\/\/www.simonssearchlight.org\/de\/wp-json\/wp\/v2\/pages\/46085"}],"collection":[{"href":"https:\/\/www.simonssearchlight.org\/de\/wp-json\/wp\/v2\/pages"}],"about":[{"href":"https:\/\/www.simonssearchlight.org\/de\/wp-json\/wp\/v2\/types\/page"}],"author":[{"embeddable":true,"href":"https:\/\/www.simonssearchlight.org\/de\/wp-json\/wp\/v2\/users\/18"}],"replies":[{"embeddable":true,"href":"https:\/\/www.simonssearchlight.org\/de\/wp-json\/wp\/v2\/comments?post=46085"}],"version-history":[{"count":0,"href":"https:\/\/www.simonssearchlight.org\/de\/wp-json\/wp\/v2\/pages\/46085\/revisions"}],"wp:attachment":[{"href":"https:\/\/www.simonssearchlight.org\/de\/wp-json\/wp\/v2\/media?parent=46085"}],"curies":[{"name":"wp","href":"https:\/\/api.w.org\/{rel}","templated":true}]}}